{"id":64,"date":"2012-03-17T13:23:08","date_gmt":"2012-03-17T12:23:08","guid":{"rendered":"http:\/\/przedszkolerodzinne.pl\/?page_id=64"},"modified":"2019-10-30T15:38:33","modified_gmt":"2019-10-30T14:38:33","slug":"model-edukacyjny","status":"publish","type":"page","link":"https:\/\/przedszkolerodzinne.pl\/?page_id=64","title":{"rendered":"Model Edu."},"content":{"rendered":"<p style=\"text-align: justify;\"><span style=\"font-family: Comic Sans MS;\">Kiedy rodzice zapisuj\u0105 dziecko do przedszkola, ich g\u0142\u00f3wne troski sprowadzaj\u0105 si\u0119 do tego, czy b\u0119dzie si\u0119 w nim dobrze czu\u0142o, mi\u0142o i ciekawie sp\u0119dza\u0142o czas i czy pozna r\u00f3wie\u015bnik\u00f3w, z kt\u00f3rymi si\u0119 b\u0119dzie bawi\u0107. Innymi s\u0142owy od opieki przedszkolnej oczekuj\u0105 bezpiecze\u0144stwa i zadowolenia, inspiracji poznawczej i spo\u0142ecznej adaptacji.<\/span><\/p>\n<p style=\"text-align: justify;\"><span style=\"font-family: Comic Sans MS;\">W Przedszkolu k\u0142adziemy nacisk na:<\/span><\/p>\n<ul><span style=\"font-family: Comic Sans MS;\"><\/p>\n<li style=\"text-align: justify;\">stawianie na samodzielno\u015b\u0107 dziecka \u2013 w kontek\u015bcie samoobs\u0142ugi, jak i samodzielnego dochodzenia do rozwi\u0105zania stawianych zada\u0144, problem\u00f3w, dawanie czasu na samodzielne my\u015blenie, bez wyr\u0119czania w podejmowaniu decyzji, wycofywanie si\u0119 nauczyciela z my\u015blenia za dziecko,<\/li>\n<li style=\"text-align: justify;\">tworzenie \u201ebazy\u201d do tw\u00f3rczego dzia\u0142ania (niekoniecznie z gotowych pomocy, ale r\u00f3wnie\u017c z tego, co mo\u017cna zdoby\u0107 samodzielnie, z pomoc\u0105 os\u00f3b bliskich),<\/li>\n<li style=\"text-align: justify;\">powr\u00f3t do tradycyjnych zabaw, w tym zabaw naszych bab\u0107 i dziadk\u00f3w oraz zabaw podw\u00f3rkowych,<\/li>\n<li style=\"text-align: justify;\">si\u0119gni\u0119cie do tradycji ludowych polskich region\u00f3w, systemowe w\u0142\u0105czanie wybranych element\u00f3w folkloru (m.in. ta\u0144c\u00f3w regionalnych i narodowych) oraz sztuki i r\u0119kodzie\u0142a ludowego,<\/li>\n<li style=\"text-align: justify;\">wzmacnianie wi\u0119zi mi\u0119dzypokoleniowych i integrowanie \u015brodowiska lokalnego oraz przedszkolnego,<\/li>\n<li style=\"text-align: justify;\">budowanie to\u017csamo\u015bci w oparciu o tradycj\u0119 narodow\u0105, regionaln\u0105 i lokaln\u0105 oraz postawy otwarto\u015bci i tolerancji.<\/li>\n<\/ul>\n<p>&nbsp;<\/p>\n<p><img loading=\"lazy\" decoding=\"async\" class=\"alignright wp-image-314\" title=\"puzle\" src=\"http:\/\/przedszkolerodzinne.pl\/wp-content\/uploads\/2012\/03\/puzle.jpg\" alt=\"\" width=\"131\" height=\"131\" srcset=\"https:\/\/przedszkolerodzinne.pl\/wp-content\/uploads\/2012\/03\/puzle.jpg 300w, https:\/\/przedszkolerodzinne.pl\/wp-content\/uploads\/2012\/03\/puzle-150x150.jpg 150w\" sizes=\"auto, (max-width: 131px) 100vw, 131px\" \/><\/p>\n<p>&nbsp;<\/p>\n<p>&nbsp;<\/p>\n","protected":false},"excerpt":{"rendered":"<p>Kiedy rodzice zapisuj\u0105 dziecko do przedszkola, ich g\u0142\u00f3wne troski sprowadzaj\u0105 si\u0119 do tego, czy b\u0119dzie si\u0119 w nim dobrze czu\u0142o, mi\u0142o i ciekawie sp\u0119dza\u0142o czas i czy pozna r\u00f3wie\u015bnik\u00f3w, z kt\u00f3rymi si\u0119 b\u0119dzie bawi\u0107. Innymi s\u0142owy od opieki przedszkolnej oczekuj\u0105 &hellip; <a href=\"https:\/\/przedszkolerodzinne.pl\/?page_id=64\">Czytaj dalej <span class=\"meta-nav\">&rarr;<\/span><\/a><\/p>\n","protected":false},"author":1,"featured_media":0,"parent":2,"menu_order":4,"comment_status":"closed","ping_status":"closed","template":"","meta":{"footnotes":""},"class_list":["post-64","page","type-page","status-publish","hentry"],"_links":{"self":[{"href":"https:\/\/przedszkolerodzinne.pl\/index.php?rest_route=\/wp\/v2\/pages\/64","targetHints":{"allow":["GET"]}}],"collection":[{"href":"https:\/\/przedszkolerodzinne.pl\/index.php?rest_route=\/wp\/v2\/pages"}],"about":[{"href":"https:\/\/przedszkolerodzinne.pl\/index.php?rest_route=\/wp\/v2\/types\/page"}],"author":[{"embeddable":true,"href":"https:\/\/przedszkolerodzinne.pl\/index.php?rest_route=\/wp\/v2\/users\/1"}],"replies":[{"embeddable":true,"href":"https:\/\/przedszkolerodzinne.pl\/index.php?rest_route=%2Fwp%2Fv2%2Fcomments&post=64"}],"version-history":[{"count":21,"href":"https:\/\/przedszkolerodzinne.pl\/index.php?rest_route=\/wp\/v2\/pages\/64\/revisions"}],"predecessor-version":[{"id":17114,"href":"https:\/\/przedszkolerodzinne.pl\/index.php?rest_route=\/wp\/v2\/pages\/64\/revisions\/17114"}],"up":[{"embeddable":true,"href":"https:\/\/przedszkolerodzinne.pl\/index.php?rest_route=\/wp\/v2\/pages\/2"}],"wp:attachment":[{"href":"https:\/\/przedszkolerodzinne.pl\/index.php?rest_route=%2Fwp%2Fv2%2Fmedia&parent=64"}],"curies":[{"name":"wp","href":"https:\/\/api.w.org\/{rel}","templated":true}]}}