{"id":141,"date":"2012-05-18T11:24:06","date_gmt":"2012-05-18T09:24:06","guid":{"rendered":"http:\/\/przedszkolerodzinne.pl\/?page_id=141"},"modified":"2012-06-27T18:36:01","modified_gmt":"2012-06-27T16:36:01","slug":"456-2","status":"publish","type":"page","link":"https:\/\/przedszkolerodzinne.pl\/?page_id=141","title":{"rendered":"Metody i techniki pracy z dzie\u0107mi"},"content":{"rendered":"<p style=\"text-align: center;\"><strong><span style=\"font-family: Comic Sans MS;\">Metody w wychowaniu przedszkolnym:<\/strong><\/p>\n<p><span style=\"font-family: Comic Sans MS;\">Zgodnie z koncepcj\u0105 wielostronnego kszta\u0142cenia w przedszkolu wykorzystywane s\u0105 te metody, kt\u00f3re realizuj\u0105 cztery strategie nauczania uczenia si\u0119 \u2013 asocjacyjn\u0105, badawcz\u0105, eksponuj\u0105c\u0105 i operacyjn\u0105.<\/p>\n<p><span style=\"font-family: Comic Sans MS;\">1)\u00a0\u00a0\u00a0\u00a0\u00a0\u00a0\u00a0\u00a0\u00a0 Asocjacyjna \u2013 strategia nastawiona na przyswajanie przez dzieci gotowej wiedzy. W tej strategii stosuje si\u0119 metody podaj\u0105co \u2013 ilustracyjne. Metody asymilacji wiedzy to:<\/p>\n<ul><span style=\"font-family: Comic Sans MS;\"><\/p>\n<li><strong>pogadanka<\/strong><strong> <\/strong>\u2013 ukierunkowana rozmowa, w kt\u00f3rej nauczyciel przewiduje odpowiedzi na zadawane dzieciom pytania,<\/li>\n<li><strong>praca z ksi\u0105\u017ck\u0105<\/strong> \u2013 omawianie ilustracji, wykorzystywanie tekstu literackiego,<\/li>\n<\/ul>\n<p><span style=\"font-family: Comic Sans MS;\">2)\u00a0\u00a0\u00a0\u00a0\u00a0\u00a0\u00a0\u00a0 Badawcza \u2013 strategia ta polega na samodzielnym zdobywaniu przez dzieci wiedzy poprzez obserwacj\u0119, rozwi\u0105zywanie problem\u00f3w i zada\u0144, ocenianie i warto\u015bciowanie zachowa\u0144. W tej grupie wyst\u0119puj\u0105:<\/p>\n<ul><span style=\"font-family: Comic Sans MS;\"><\/p>\n<li><strong>metody sytuacyjne<\/strong> \u2013 polegaj\u0105ce na wprowadzaniu dzieci w konkretn\u0105 sytuacj\u0119, kt\u00f3r\u0105 musz\u0105 zrozumie\u0107 i podj\u0105\u0107 dzia\u0142ania w celu jej rozwi\u0105zania,<\/li>\n<li><strong>burza m\u00f3zg\u00f3w<\/strong> \u2013 to gie\u0142da pomys\u0142\u00f3w zespo\u0142u rozwi\u0105zuj\u0105cego problem lub zadanie,<\/li>\n<li><strong>gry dydaktyczne<\/strong> \u2013 \u0142\u0105cz\u0105 zabaw\u0119 z zadaniem i pewnymi regu\u0142ami, kt\u00f3rych trzeba przestrzega\u0107, mog\u0105 to by\u0107 gry s\u0142owne, obrazkowe, dydaktyczno \u2013 ruchowe, komputerowe, z u\u017cyciem konkret\u00f3w, gry strategiczne, sytuacyjne i symulacyjne<\/li>\n<li><strong>obserwacja i pomiar<\/strong> \u2013 planowe i \u015bwiadome spostrzeganie przedmiot\u00f3w, zjawisk i proces\u00f3w, obserwacje prowadzi si\u0119 w naturalnym \u015brodowisku lub pomieszczeniu, pomiar wyst\u0119puje nie przy wszystkich obserwacjach a dotyczy mi\u0119dzy innymi, mierzenia: odleg\u0142o\u015bci krokami lub sznurkiem, temperatury powietrza, ilo\u015bci nasion.<\/li>\n<\/ul>\n<p><span style=\"font-family: Comic Sans MS;\">3)\u00a0\u00a0\u00a0\u00a0\u00a0\u00a0\u00a0\u00a0 Eksponuj\u0105ca \u2013 jest to strategia wyzwalania i pobudzania prze\u017cy\u0107 dzieci, poprzez muzyk\u0119, plastyk\u0119, dzie\u0142a sztuki oraz stosowanie metod ekspresji werbalnej, muzycznej i ruchowej.\u00a0 W tej grupie stosuje si\u0119:<\/p>\n<ul><span style=\"font-family: Comic Sans MS;\"><\/p>\n<li><strong>metody impresyjne<\/strong> \u2013 w tym przypadku dzieci uczestnicz\u0105 w sytuacjach eksponuj\u0105cych warto\u015bci spo\u0142eczne, moralne, estetyczne, naukowe, kt\u00f3re wywo\u0142uj\u0105 prze\u017cycia emocjonalne,<\/li>\n<li><strong>metody ekspresyjne<\/strong> \u2013 polegaj\u0105 na wyra\u017caniu w\u0142asnych uczu\u0107, prze\u017cy\u0107 w konkretnej dzia\u0142alno\u015bci oraz aktywno\u015bci plastycznej, konstrukcyjnej, muzycznej, ruchowej i s\u0142ownej,<\/li>\n<\/ul>\n<p><span style=\"font-family: Comic Sans MS;\">4)\u00a0\u00a0\u00a0\u00a0\u00a0\u00a0\u00a0\u00a0 Operacyjna<strong> <\/strong>\u2013 strategia oparta na r\u00f3\u017cnych dzia\u0142aniach dzieci, takich jak do\u015bwiadczenia, eksperymenty, zaj\u0119cia praktyczne, wytw\u00f3rcze, gospodarcze i spo\u0142ecznie u\u017cyteczne. Metody praktyczne to:<\/p>\n<ul><span style=\"font-family: Comic Sans MS;\"><\/p>\n<li><strong>metoda \u0107wicze\u0144 utrwalaj\u0105cych<\/strong> \u2013 polega na wielokrotnym powtarzaniu poznanych czynno\u015bci w celu doprowadzenia do ich automatyzacji i nawyk\u00f3w,<\/li>\n<li><strong>prace hodowlane w przedszkolu<\/strong> \u2013 polegaj\u0105 na aktywnym uczestnictwie dziecka w hodowli i piel\u0119gnacji ro\u015blin i ma\u0142ych zwierz\u0105t, takich jak rybki, patyczaki, papugi, kr\u00f3lik, chomik,<\/li>\n<li><strong>prace spo\u0142ecznie u\u017cyteczne<\/strong> \u2013 metoda ta przyzwyczaja dzieci do dba\u0142o\u015bci o najbli\u017csze otoczenie<\/li>\n<li><strong>metoda stawiania zada\u0144<\/strong> \u2013 pobudzanie aktywno\u015bci psychoruchowej dzieci, w sytuacjach wymagaj\u0105cych dzia\u0142ania w zwi\u0105zku z problemem lub zadanie<\/li>\n<\/ul>\n<p>&nbsp;<\/p>\n","protected":false},"excerpt":{"rendered":"<p>Metody w wychowaniu przedszkolnym: Zgodnie z koncepcj\u0105 wielostronnego kszta\u0142cenia w przedszkolu wykorzystywane s\u0105 te metody, kt\u00f3re realizuj\u0105 cztery strategie nauczania uczenia si\u0119 \u2013 asocjacyjn\u0105, badawcz\u0105, eksponuj\u0105c\u0105 i operacyjn\u0105. 1)\u00a0\u00a0\u00a0\u00a0\u00a0\u00a0\u00a0\u00a0\u00a0 Asocjacyjna \u2013 strategia nastawiona na przyswajanie przez dzieci gotowej wiedzy. W &hellip; <a href=\"https:\/\/przedszkolerodzinne.pl\/?page_id=141\">Czytaj dalej <span class=\"meta-nav\">&rarr;<\/span><\/a><\/p>\n","protected":false},"author":1,"featured_media":0,"parent":64,"menu_order":3,"comment_status":"closed","ping_status":"closed","template":"","meta":{"footnotes":""},"class_list":["post-141","page","type-page","status-publish","hentry"],"_links":{"self":[{"href":"https:\/\/przedszkolerodzinne.pl\/index.php?rest_route=\/wp\/v2\/pages\/141","targetHints":{"allow":["GET"]}}],"collection":[{"href":"https:\/\/przedszkolerodzinne.pl\/index.php?rest_route=\/wp\/v2\/pages"}],"about":[{"href":"https:\/\/przedszkolerodzinne.pl\/index.php?rest_route=\/wp\/v2\/types\/page"}],"author":[{"embeddable":true,"href":"https:\/\/przedszkolerodzinne.pl\/index.php?rest_route=\/wp\/v2\/users\/1"}],"replies":[{"embeddable":true,"href":"https:\/\/przedszkolerodzinne.pl\/index.php?rest_route=%2Fwp%2Fv2%2Fcomments&post=141"}],"version-history":[{"count":9,"href":"https:\/\/przedszkolerodzinne.pl\/index.php?rest_route=\/wp\/v2\/pages\/141\/revisions"}],"predecessor-version":[{"id":217,"href":"https:\/\/przedszkolerodzinne.pl\/index.php?rest_route=\/wp\/v2\/pages\/141\/revisions\/217"}],"up":[{"embeddable":true,"href":"https:\/\/przedszkolerodzinne.pl\/index.php?rest_route=\/wp\/v2\/pages\/64"}],"wp:attachment":[{"href":"https:\/\/przedszkolerodzinne.pl\/index.php?rest_route=%2Fwp%2Fv2%2Fmedia&parent=141"}],"curies":[{"name":"wp","href":"https:\/\/api.w.org\/{rel}","templated":true}]}}