{"id":390,"date":"2012-09-16T11:58:11","date_gmt":"2012-09-16T09:58:11","guid":{"rendered":"http:\/\/przedszkolerodzinne.pl\/?page_id=390"},"modified":"2023-09-07T16:12:40","modified_gmt":"2023-09-07T14:12:40","slug":"strefa-rodzica","status":"publish","type":"page","link":"http:\/\/przedszkolerodzinne.pl\/?page_id=390","title":{"rendered":"Parents"},"content":{"rendered":"<p style=\"text-align: center;\"><strong>W roku szkolnym\u00a0<span style=\"color: #ff0000;\">2023\/2024<\/span> w przedszkolu korzystamy z podr\u0119cznik\u00f3w MAC (r\u00f3\u017cne BOXy w zale\u017cno\u015bci wieku).<\/strong><\/p>\n<p style=\"text-align: center;\">Do\u00a0j\u0119zyka angielskiego\u00a0wykorzystujemy podr\u0119czniki:\u00a0<strong>Oxford University Press\u00a0<\/strong>(\u201ePlaytime\u201d),\u00a0<strong>WSiP<\/strong>\u00a0(\u201eAngielski dla starszak\u00f3w \u0107wiczenia+podr\u0119cznik\u201d),\u00a0<strong>Dwuj\u0119zyczne Przedszkole\u00a0<\/strong>(Baby Beatles, Tom and Kery),\u00a0<strong>MAC kursy na poziomie A i B\u00a0<\/strong>(Kraina Przedszkola).<\/p>\n<p style=\"text-align: center;\"><em>Wszystkie boxy s\u0105 podpisane imieniem i nazwiskiem dziecka. Boxy zosta\u0142y dobrane dzieciom przez nauczycielki w oparciu o indywidualne mo\u017cliwo\u015bci ka\u017cdego wychowanka. Podczas indywidualnych zebra\u0144 z rodzicami podr\u0119czniki s\u0105 przedstawianie i omawiane. W miar\u0119 ko\u0144czenia kolejnych zeszyt\u00f3w \u0107wicze\u0144 zeszyty s\u0105 oddawane rodzicom celem utrwalania wiedzy w domu.<\/em><\/p>\n","protected":false},"excerpt":{"rendered":"<p>W roku szkolnym\u00a02023\/2024 w przedszkolu korzystamy z podr\u0119cznik\u00f3w MAC (r\u00f3\u017cne BOXy w zale\u017cno\u015bci wieku). Do\u00a0j\u0119zyka angielskiego\u00a0wykorzystujemy podr\u0119czniki:\u00a0Oxford University Press\u00a0(\u201ePlaytime\u201d),\u00a0WSiP\u00a0(\u201eAngielski dla starszak\u00f3w \u0107wiczenia+podr\u0119cznik\u201d),\u00a0Dwuj\u0119zyczne Przedszkole\u00a0(Baby Beatles, Tom and Kery),\u00a0MAC kursy na poziomie A i B\u00a0(Kraina Przedszkola). Wszystkie boxy s\u0105 podpisane imieniem i &hellip; <a href=\"http:\/\/przedszkolerodzinne.pl\/?page_id=390\">Czytaj dalej <span class=\"meta-nav\">&rarr;<\/span><\/a><\/p>\n","protected":false},"author":1,"featured_media":0,"parent":0,"menu_order":6,"comment_status":"closed","ping_status":"closed","template":"","meta":{"footnotes":""},"class_list":["post-390","page","type-page","status-publish","hentry"],"_links":{"self":[{"href":"http:\/\/przedszkolerodzinne.pl\/index.php?rest_route=\/wp\/v2\/pages\/390","targetHints":{"allow":["GET"]}}],"collection":[{"href":"http:\/\/przedszkolerodzinne.pl\/index.php?rest_route=\/wp\/v2\/pages"}],"about":[{"href":"http:\/\/przedszkolerodzinne.pl\/index.php?rest_route=\/wp\/v2\/types\/page"}],"author":[{"embeddable":true,"href":"http:\/\/przedszkolerodzinne.pl\/index.php?rest_route=\/wp\/v2\/users\/1"}],"replies":[{"embeddable":true,"href":"http:\/\/przedszkolerodzinne.pl\/index.php?rest_route=%2Fwp%2Fv2%2Fcomments&post=390"}],"version-history":[{"count":42,"href":"http:\/\/przedszkolerodzinne.pl\/index.php?rest_route=\/wp\/v2\/pages\/390\/revisions"}],"predecessor-version":[{"id":41492,"href":"http:\/\/przedszkolerodzinne.pl\/index.php?rest_route=\/wp\/v2\/pages\/390\/revisions\/41492"}],"wp:attachment":[{"href":"http:\/\/przedszkolerodzinne.pl\/index.php?rest_route=%2Fwp%2Fv2%2Fmedia&parent=390"}],"curies":[{"name":"wp","href":"https:\/\/api.w.org\/{rel}","templated":true}]}}