{"id":2,"date":"2012-03-02T16:15:45","date_gmt":"2012-03-02T15:15:45","guid":{"rendered":"http:\/\/przedszkole-rodzinne.pl\/?page_id=2"},"modified":"2022-09-14T14:28:00","modified_gmt":"2022-09-14T12:28:00","slug":"sample-page","status":"publish","type":"page","link":"http:\/\/przedszkolerodzinne.pl\/?page_id=2","title":{"rendered":"About us"},"content":{"rendered":"\n<p><span style=\"font-family: Comic Sans MS;\">Niepubliczne Przedszkole Rodzinne mie\u015bci si\u0119 przy ul. Blokowej 4, lok. 4 i 6 na osiedlu Wysoki Stoczek w Bia\u0142ymstoku. Posiada dobre warunki bazowe i dogodn\u0105 lokalizacj\u0119. Usytuowane jest blisko g\u0142\u00f3wnych arterii komunikacyjnych miasta (Antoniuk Fabryczny, Rzemie\u015blnicza, Al. Konstytucji 3 Maja). Ma bezpo\u015bredni dost\u0119p do placu zabaw, kt\u00f3ry spe\u0142nia wymogi przewidziane dla dzieci w wieku przedszkolnym.<\/span><\/p>\n\n\n\n<p><span style=\"font-family: Comic Sans MS;\">W przedszkolu funkcjonuj\u0105 3 oddzia\u0142y dla dzieci w wieku 2 &#8211; 3 lat, 4-5 i 6 lat. Dzieci maj\u0105 do dyspozycji trzy sale zaj\u0119\u0107 wychowawczo \u2013 dydaktycznych z bezpo\u015brednim dost\u0119pem do sanitariat\u00f3w. Ka\u017cda sala ma sw\u00f3j niepowtarzalny klimat \u2013 wyposa\u017cona jest w meble, zabawki i pomoce adekwatne do potrzeb i mo\u017cliwo\u015bci przebywaj\u0105cych w niej dzieci.<\/span><\/p>\n\n\n\n<p><span style=\"font-family: Comic Sans MS;\">Dysponujemy r\u00f3wnie\u017c w\u0142asnym zapleczem kuchennym spe\u0142niaj\u0105cym wymagania sanitarno-epidemiologiczne oraz bhp.<\/span><\/p>\n\n\n\n<p><span style=\"font-family: Comic Sans MS;\">Po\u0142o\u017cony obok budynku parking gwarantuje spok\u00f3j i wygod\u0119 przy przywo\u017ceniu oraz odbieraniu dzieci z przedszkola.<\/span><\/p>\n\n\n\n<p><span style=\"font-family: Comic Sans MS;\">Kadr\u0119 pedagogiczn\u0105 tworzy zesp\u00f3\u0142 m\u0142odych, wykszta\u0142conych i kreatywnych nauczycieli z pe\u0142nymi kwalifikacjami do pracy w przedszkolu. Pomoce nauczycieli to absolwentki studi\u00f3w pedagogicznych. Kadr\u0119 pedagogiczn\u0105 wspieraj\u0105 specjali\u015bci z zakresu logopedii, psychologii, socjoterapii a tak\u017ce profesjonalni instruktorzy zaj\u0119\u0107.<\/span><\/p>\n\n\n\n<p><span style=\"font-family: Comic Sans MS;\">Funkcjonujemy zgodnie z ustaw\u0105 z dnia 14 grudnia 2016 r. Prawo o\u015bwiatowe. Jeste\u015bmy zarejestrowani w ewidencji niepublicznych plac\u00f3wek o\u015bwiatowych Wydzia\u0142u Edukacji Urz\u0119du Miejskiego w Bia\u0142ymstoku pod nr 276.<\/span><\/p>\n\n\n\n<p><span style=\"font-family: Comic Sans MS;\">Nasze przedszkole ma niepowtarzalny charakter, gdy\u017c:<\/span><\/p>\n\n\n\n<ul class=\"wp-block-list\"><li><span style=\"font-family: Comic Sans MS;\">uczymy dzieci tolerancji, akceptacji i poszanowania odmienno\u015bci ka\u017cdego cz\u0142owieka,<\/li><li><span style=\"font-family: Comic Sans MS;\">rozwijamy postawy prozdrowotne, przyzwyczajamy do dba\u0142o\u015bci o bezpiecze\u0144stwo w\u0142asne i innych dzieci, kszta\u0142tujemy nawyki,<\/li><li><span style=\"font-family: Comic Sans MS;\">motywujemy do samodzielno\u015bci i aktywno\u015bci tw\u00f3rczej.<\/li><\/ul>\n\n\n\n<p><span style=\"font-family: Comic Sans MS;\">Co nas wyr\u00f3\u017cnia?<\/span><\/p>\n\n\n\n<ul class=\"wp-block-list\"><li><span style=\"font-family: Comic Sans MS;\">rodzinna atmosfera umo\u017cliwiaj\u0105ca indywidualny kontakt z ka\u017cdym dzieckiem,<\/span><\/li><li><span style=\"font-family: Comic Sans MS;\">oferta programowa jest konsultowana i uzgadniana z rodzicami,<\/span><\/li><li><span style=\"font-family: Comic Sans MS;\">stawiamy na rozw\u00f3j spo\u0142eczno-emocjonalno wychowank\u00f3w,<\/span><\/li><li style=\"text-align: justify;\"><span style=\"font-family: Comic Sans MS;\">przyjmujemy dzieci przez ca\u0142y rok kalendarzowy,<\/li><li style=\"text-align: justify;\"><span style=\"font-family: Comic Sans MS;\">bezpo\u015bredni dost\u0119p do bezpiecznego i dobrze wyposa\u017conego placu zabaw oraz du\u017cego trawiastego boiska,<\/li><li style=\"text-align: justify;\"><span style=\"font-family: Comic Sans MS;\">bardzo dobre wyposa\u017cenie plac\u00f3wki w pomoce dydaktyczne, zabawki, sprz\u0119t i urz\u0105dzenia dostosowane do potrzeb i mo\u017cliwo\u015bci dzieci,<\/li><li style=\"text-align: justify;\"><span style=\"font-family: Comic Sans MS;\">wszystkie pomoce, zabawki i urz\u0105dzenia, z kt\u00f3rych korzystaj\u0105 przedszkolacy posiadaj\u0105 stosowne certyfikaty lub wymagane atesty,<\/li><li style=\"text-align: justify;\"><span style=\"font-family: Comic Sans MS;\">zapewniamy zdrowe, bogate w warzywa i owoce posi\u0142ki dzieciom, kt\u00f3re sporz\u0105dza firma kateringowa,<\/li><li style=\"text-align: justify;\"><span style=\"font-family: Comic Sans MS;\">umo\u017cliwiamy organizacj\u0119 przyj\u0119\u0107 urodzinowych dla dzieci w weekendy.<\/li><\/ul>\n\n\n\n<div class=\"wp-block-image\"><figure class=\"alignright\"><img loading=\"lazy\" decoding=\"async\" width=\"150\" height=\"150\" src=\"http:\/\/przedszkolerodzinne.pl\/wp-content\/uploads\/2012\/03\/slonecznki-150x150.png\" alt=\"\" class=\"wp-image-292\" title=\"slonecznki\"\/><\/figure><\/div>\n\n\n\n<p><strong><span style=\"font-family: Comic Sans MS;\">Pomieszczenia w przedszkolu s\u0105 wentylowane, klimatyzowane oraz regularnie ozonowane.<\/strong><br><\/p>\n\n\n\n<p><script><br \/>\n  (function(i,s,o,g,r,a,m){i['GoogleAnalyticsObject']=r;i[r]=i[r]||function(){<br \/>\n  (i[r].q=i[r].q||[]).push(arguments)},i[r].l=1*new Date();a=s.createElement(o),<br \/>\n  m=s.getElementsByTagName(o)[0];a.async=1;a.src=g;m.parentNode.insertBefore(a,m)<br \/>\n  })(window,document,'script','\/\/www.google-analytics.com\/analytics.js','ga');<\/p>\n<p>  ga('create', 'UA-43089865-1', 'przedszkolerodzinne.pl');<br \/>\n  ga('send', 'pageview');<\/p>\n<p><\/script><\/p>\n","protected":false},"excerpt":{"rendered":"<p>Niepubliczne Przedszkole Rodzinne mie\u015bci si\u0119 przy ul. Blokowej 4, lok. 4 i 6 na osiedlu Wysoki Stoczek w Bia\u0142ymstoku. Posiada dobre warunki bazowe i dogodn\u0105 lokalizacj\u0119. Usytuowane jest blisko g\u0142\u00f3wnych arterii komunikacyjnych miasta (Antoniuk Fabryczny, Rzemie\u015blnicza, Al. Konstytucji 3 Maja). &hellip; <a href=\"http:\/\/przedszkolerodzinne.pl\/?page_id=2\">Czytaj dalej <span class=\"meta-nav\">&rarr;<\/span><\/a><\/p>\n","protected":false},"author":1,"featured_media":0,"parent":0,"menu_order":1,"comment_status":"closed","ping_status":"closed","template":"","meta":{"footnotes":""},"class_list":["post-2","page","type-page","status-publish","hentry"],"_links":{"self":[{"href":"http:\/\/przedszkolerodzinne.pl\/index.php?rest_route=\/wp\/v2\/pages\/2","targetHints":{"allow":["GET"]}}],"collection":[{"href":"http:\/\/przedszkolerodzinne.pl\/index.php?rest_route=\/wp\/v2\/pages"}],"about":[{"href":"http:\/\/przedszkolerodzinne.pl\/index.php?rest_route=\/wp\/v2\/types\/page"}],"author":[{"embeddable":true,"href":"http:\/\/przedszkolerodzinne.pl\/index.php?rest_route=\/wp\/v2\/users\/1"}],"replies":[{"embeddable":true,"href":"http:\/\/przedszkolerodzinne.pl\/index.php?rest_route=%2Fwp%2Fv2%2Fcomments&post=2"}],"version-history":[{"count":28,"href":"http:\/\/przedszkolerodzinne.pl\/index.php?rest_route=\/wp\/v2\/pages\/2\/revisions"}],"predecessor-version":[{"id":41384,"href":"http:\/\/przedszkolerodzinne.pl\/index.php?rest_route=\/wp\/v2\/pages\/2\/revisions\/41384"}],"wp:attachment":[{"href":"http:\/\/przedszkolerodzinne.pl\/index.php?rest_route=%2Fwp%2Fv2%2Fmedia&parent=2"}],"curies":[{"name":"wp","href":"https:\/\/api.w.org\/{rel}","templated":true}]}}