{"id":1012,"date":"2013-09-07T20:03:42","date_gmt":"2013-09-07T18:03:42","guid":{"rendered":"http:\/\/przedszkolerodzinne.pl\/?page_id=1012"},"modified":"2026-03-03T12:05:32","modified_gmt":"2026-03-03T11:05:32","slug":"aaa","status":"publish","type":"page","link":"http:\/\/przedszkolerodzinne.pl\/?page_id=1012","title":{"rendered":"Weekly routine"},"content":{"rendered":"\n<p>&nbsp;<\/p>\n\n\n\n<figure class=\"wp-block-table\"><table class=\"has-fixed-layout\"><tbody><tr><td colspan=\"13\">\n<p style=\"text-align: center;\"><span style=\"color: #000000; font-size: large;\">Tygodniowy plan zaj\u0119\u0107 w Niepublicznym Przedszkolu Rodzinnym\/Weekly routine in Family Preschool<\/span><\/p>\n<p style=\"text-align: center;\"><span style=\"color: #ff0000;\"><strong>Oddzia\u0142 BABY BEETLES&nbsp;\/ Group BABY BEETLES<\/strong><\/span><\/p>\n<\/td><\/tr><tr><td><span style=\"color: #000000;\">godz.<\/span><\/td><td colspan=\"2\"><span style=\"color: #000000; font-size: medium;\">poniedzia\u0142ek<\/span><\/td><td colspan=\"2\"><span style=\"color: #000000; font-size: medium;\">wtorek<\/span><\/td><td colspan=\"2\"><span style=\"color: #000000; font-size: medium;\">\u015broda<\/span><\/td><td colspan=\"2\"><span style=\"color: #000000; font-size: medium;\">czwartek<\/span><\/td><td colspan=\"2\"><span style=\"color: #000000; font-size: medium;\">pi\u0105tek<\/span><\/td><td><span style=\"color: #000000;\">&nbsp;<\/span><\/td><\/tr><tr><td><span style=\"color: #000000;\">&nbsp;<\/span><\/td><td colspan=\"2\"><b><span style=\"color: #000000;\">Logic-Culture Monday<\/span><\/b><\/td><td colspan=\"2\"><b><span style=\"color: #000000;\">Art and Speech Tuesday<\/span><\/b><\/td><td colspan=\"2\"><b><span style=\"color: #000000;\">Dancing Wednesday<\/span><\/b><\/td><td colspan=\"2\"><b><span style=\"color: #000000;\">Maths and Science Thursday<\/span><\/b><\/td><td colspan=\"2\"><b><span style=\"color: #000000;\">Active Friday<\/span><\/b><\/td><td><span style=\"color: #000000;\">&nbsp;<\/span><\/td><\/tr><tr><td><span style=\"color: #000000;\">8<\/span><\/td><td colspan=\"2\"><span style=\"color: #000000;\">Baby Beetles + zaj\u0119cia\/activites<\/span><\/td><td colspan=\"2\"><span style=\"color: #000000;\">Baby Beetles + zaj\u0119cia\/activites<\/span><\/td><td colspan=\"2\"><span style=\"color: #000000;\">Baby Beetles + zaj\u0119cia\/activites<\/span><\/td><td colspan=\"2\"><span style=\"color: #000000;\">Baby Beetles + zaj\u0119cia\/activites<\/span><\/td><td colspan=\"2\"><span style=\"color: #000000;\">Baby Beetles + zaj\u0119cia\/activities<\/span><\/td><td><span style=\"color: #000000;\">&nbsp;<\/span><\/td><\/tr><tr><td><span style=\"color: #000000;\">9<\/span><\/td><td><span style=\"color: #000000;\">9:00-9:30 zaj\u0119cia programowe<\/span><\/td><td><span style=\"color: #000000;\">Circle Time Activities<\/span><\/td><td><span style=\"color: #000000;\">9:00-9:30 zaj\u0119cia programowe<\/span><\/td><td><span style=\"color: #000000;\">Circle Time Activities<\/span><\/td><td><span style=\"color: #000000;\">9:00-9:30 zaj\u0119cia programowe<\/span><\/td><td><span style=\"color: #000000;\">Circle Time Activities<\/span><\/td><td><span style=\"color: #000000;\">9:00-9:30 zaj\u0119cia programowe<\/span><\/td><td><span style=\"color: #000000;\">Circle Time Activities<\/span><\/td><td><span style=\"color: #000000;\">9:00-9:30 zaj\u0119cia programowe<\/span><\/td><td><span style=\"color: #000000;\">Circle Time Activities<\/span><\/td><td><span style=\"color: #000000;\">&nbsp;<\/span><\/td><\/tr><tr><td><span style=\"color: #000000;\">10<\/span><\/td><td><span style=\"color: #000000;\">&nbsp;<\/span><\/td><td><span style=\"color: #000000;\">&nbsp;<\/span><\/td><td><span style=\"color: #000000;\">&nbsp;<\/span><\/td><td><span style=\"color: #000000;\">&nbsp;<\/span><\/td><td><span style=\"color: #000000;\">&nbsp;<\/span><\/td><td><span style=\"color: #000000;\">&nbsp;<\/span><\/td><td><span style=\"color: #000000;\">10:00-10:30 postawy i warto\u015bci<\/span><\/td><td><span style=\"color: #000000;\">attitudes and values <\/span><\/td><td><span style=\"color: #000000;\">8:00-11:00 zaj\u0119cia logo<\/span><\/td><td><span style=\"color: #000000;\">Speech Therapy<\/span><\/td><td><span style=\"color: #000000;\">&nbsp;<\/span><\/td><\/tr><tr><td><span style=\"color: #000000;\">11<\/span><\/td><td><span style=\"color: #000000;\">&nbsp;<\/span><\/td><td><span style=\"color: #000000; font-size: xx-small;\">&nbsp;<\/span><\/td><td><span style=\"color: #000000;\">&nbsp;<\/span><\/td><td><span style=\"color: #000000; font-size: xx-small;\">&nbsp;<\/span><\/td><td><span style=\"color: #000000;\">&nbsp;<\/span><\/td><td><span style=\"color: #000000; font-size: xx-small;\">&nbsp;<\/span><\/td><td><span style=\"color: #000000;\">12:30-13:00 ko\u0142o plastyczne<\/span><\/td><td><span style=\"color: #000000;\">children&#8217;s art <\/span><\/td><td><span style=\"color: #000000;\">10:00-10:30 GK<\/span><\/td><td><span style=\"color: #000000;\">corrective gymnastics<\/span><\/td><td><span style=\"color: #000000;\">&nbsp;<\/span><\/td><\/tr><tr><td><span style=\"color: #000000;\">12<\/span><\/td><td><span style=\"color: #000000;\">12:15-12:45 ceramika<\/span><\/td><td><span style=\"color: #000000;\">Ceramics<\/span><\/td><td><span style=\"color: #000000;\">&nbsp;<\/span><\/td><td><span style=\"color: #000000;\">&nbsp;<\/span><\/td><td><span style=\"color: #000000;\">12:30-13:00 taniec<\/span><\/td><td><span style=\"color: #000000;\">DANCE<\/span><\/td><td><span style=\"color: #000000;\">12:30-13:00 nauka gry w warcaby<\/span><\/td><td><span style=\"color: #000000;\">Play in checkers <\/span><\/td><td><span style=\"color: #000000;\">&nbsp;<\/span><\/td><td><span style=\"color: #000000;\">&nbsp;<\/span><\/td><td><span style=\"color: #000000;\">&nbsp;<\/span><\/td><\/tr><tr><td><span style=\"color: #000000;\">13<\/span><\/td><td><span style=\"color: #000000;\">13:00-13:30 gry i zabawy<\/span><\/td><td><span style=\"color: #000000; font-size: xx-small;\">Fun and games in English<\/span><\/td><td><span style=\"color: #000000;\">13:00-13:30 gry i zabawy<\/span><\/td><td><span style=\"color: #000000; font-size: xx-small;\">Fun and games in English<\/span><\/td><td><span style=\"color: #000000;\">13:00-13:30 gry i zabawy<\/span><\/td><td><span style=\"color: #000000; font-size: xx-small;\">Fun and games in English<\/span><\/td><td><span style=\"color: #000000;\">13:00-13:30 gry i zabawy<\/span><\/td><td><span style=\"color: #000000; font-size: xx-small;\">Fun and games in English<\/span><\/td><td><span style=\"color: #000000;\">13:00-13:30 gry i zabawy<\/span><\/td><td><span style=\"color: #000000; font-size: xx-small;\">Fun and games in English<\/span><\/td><td><span style=\"color: #000000;\">&nbsp;<\/span><\/td><\/tr><tr><td><span style=\"color: #000000;\">14<\/span><\/td><td><span style=\"color: #000000;\">13:00-14:00 TUS gr. 1,2,3 <\/span><\/td><td><span style=\"color: #000000;\">Savoir vivre<\/span><\/td><td><span style=\"color: #000000;\">13:00-13:30<\/span><\/td><td><span style=\"color: #000000;\">Basics of programming<\/span><\/td><td><span style=\"color: #000000;\">13:15-13:45 dzieci nie\u015bmia\u0142e<\/span><\/td><td><span style=\"color: #000000;\">Activities for timid children<\/span><\/td><td><span style=\"color: #000000;\">13:00-14:00 TUS gr. 1,2,3 <\/span><\/td><td><span style=\"color: #000000;\">Savoir vivre<\/span><\/td><td><span style=\"color: #000000;\">&nbsp;<\/span><\/td><td><span style=\"color: #000000;\">&nbsp;<\/span><\/td><td><span style=\"color: #000000;\">&nbsp;<\/span><\/td><\/tr><tr><td><span style=\"color: #000000;\">15<\/span><\/td><td><span style=\"color: #000000;\">15:00-15:30 Baby Beetles<\/span><\/td><td><span style=\"color: #000000;\">Baby Beetles activites<\/span><\/td><td><span style=\"color: #000000;\">15:00-15:30 Baby Beetles<\/span><\/td><td><span style=\"color: #000000;\">Baby Beetles activites<\/span><\/td><td><span style=\"color: #000000;\">15:00-15:30 Baby Beetles<\/span><\/td><td><span style=\"color: #000000;\">Baby Beetles activites<\/span><\/td><td><span style=\"color: #000000;\">15:00-15:30 Baby Beetles<\/span><\/td><td><span style=\"color: #000000;\">Baby Beetles activites<\/span><\/td><td><span style=\"color: #000000;\">15:00-15:30 Baby Beetles<\/span><\/td><td><span style=\"color: #000000;\">Baby Beetles activites<\/span><\/td><td>&nbsp;<\/td><\/tr><\/tbody><\/table><\/figure>\n\n\n\n<p>&nbsp;<\/p>\n\n\n\n<figure class=\"wp-block-table\"><table class=\"has-fixed-layout\"><tbody><tr><td colspan=\"13\">\n<p style=\"text-align: center;\"><span style=\"color: #000000; font-size: large;\">Tygodniowy plan zaj\u0119\u0107 w Niepublicznym Przedszkolu Rodzinnym\/Weekly routine in Family Preschool<\/span><\/p>\n<p style=\"text-align: center;\"><span style=\"color: #ff0000;\"><strong>Oddzia\u0142 TOM and KERI \/ Group TOM and KERI<\/strong><\/span><\/p>\n<\/td><\/tr><tr><td><span style=\"color: #000000;\">godz.<\/span><\/td><td colspan=\"2\"><span style=\"color: #000000; font-size: medium;\">poniedzia\u0142ek <\/span><\/td><td colspan=\"2\"><span style=\"color: #000000; font-size: medium;\">wtorek<\/span><\/td><td colspan=\"2\"><span style=\"color: #000000; font-size: medium;\">\u015broda<\/span><\/td><td colspan=\"2\"><span style=\"color: #000000; font-size: medium;\">czwartek<\/span><\/td><td colspan=\"2\"><span style=\"color: #000000; font-size: medium;\">pi\u0105tek<\/span><\/td><td><span style=\"color: #000000;\">&nbsp;<\/span><\/td><\/tr><tr><td><span style=\"color: #000000;\">&nbsp;<\/span><\/td><td colspan=\"2\"><b><span style=\"color: #000000;\">Logic-Culture Monday<\/span><\/b><\/td><td colspan=\"2\"><b><span style=\"color: #000000;\">Art and Speech Tuesday<\/span><\/b><\/td><td colspan=\"2\"><b><span style=\"color: #000000;\">Dancing Wednesday<\/span><\/b><\/td><td colspan=\"2\"><b><span style=\"color: #000000;\">Maths and Science Thursday<\/span><\/b><\/td><td colspan=\"2\"><b><span style=\"color: #000000;\">Active Friday<\/span><\/b><\/td><td><span style=\"color: #000000;\">&nbsp;<\/span><\/td><\/tr><tr><td><span style=\"color: #000000;\">8<\/span><\/td><td colspan=\"2\"><span style=\"color: #000000;\">Tom and Keri + zaj\u0119cia\/activites<\/span><\/td><td colspan=\"2\"><span style=\"color: #000000;\">Tom and Keri+ zaj\u0119cia\/activites<\/span><\/td><td colspan=\"2\"><span style=\"color: #000000;\">Tom and Keri + zaj\u0119cia\/activites<\/span><\/td><td colspan=\"2\"><span style=\"color: #000000;\">Tom and Keri + zaj\u0119cia\/activites<\/span><\/td><td colspan=\"2\"><span style=\"color: #000000;\">Tom and Keri + zaj\u0119cia\/activities<\/span><\/td><td><span style=\"color: #000000;\">&nbsp;<\/span><\/td><\/tr><tr><td><span style=\"color: #000000;\">9<\/span><\/td><td><span style=\"color: #000000;\">9:00-9:30 zaj\u0119cia programowe<\/span><\/td><td><span style=\"color: #000000;\">Circle Time Activities<\/span><\/td><td><span style=\"color: #000000;\">9:00-9:30 zaj\u0119cia programowe<\/span><\/td><td><span style=\"color: #000000;\">Circle Time Activities<\/span><\/td><td><span style=\"color: #000000;\">9:00-9:30 zaj\u0119cia programowe<\/span><\/td><td><span style=\"color: #000000;\">Circle Time Activities<\/span><\/td><td><span style=\"color: #000000;\">9:00-9:30 zaj\u0119cia programowe<\/span><\/td><td><span style=\"color: #000000;\">Circle Time Activities<\/span><\/td><td><span style=\"color: #000000;\">9:00-9:30 zaj\u0119cia programowe<\/span><\/td><td><span style=\"color: #000000;\">Circle Time Activities<\/span><\/td><td><span style=\"color: #000000;\">&nbsp;<\/span><\/td><\/tr><tr><td><span style=\"color: #000000;\">10<\/span><\/td><td><span style=\"color: #000000;\">9:30-10:00<\/span><\/td><td><span style=\"color: #000000;\">Basics of programming<\/span><\/td><td><span style=\"color: #000000;\">&nbsp;<\/span><\/td><td><span style=\"color: #000000;\">&nbsp;<\/span><\/td><td><span style=\"color: #000000;\">&nbsp;<\/span><\/td><td><span style=\"color: #000000;\">&nbsp;<\/span><\/td><td><span style=\"color: #000000;\">&nbsp;<\/span><\/td><td><span style=\"color: #000000;\">&nbsp;<\/span><\/td><td><span style=\"color: #000000;\">8:00-11:00 zaj\u0119cia logo<\/span><\/td><td><span style=\"color: #000000;\">Speech Therapy<\/span><\/td><td><span style=\"color: #000000;\">&nbsp;<\/span><\/td><\/tr><tr><td><span style=\"color: #000000;\">11<\/span><\/td><td><span style=\"color: #000000;\">11:30-12:00 gry i zabawy<\/span><\/td><td><span style=\"color: #000000; font-size: xx-small;\">Fun and games in English<\/span><\/td><td><span style=\"color: #000000;\">11:30-12:00 gry i zabawy<\/span><\/td><td><span style=\"color: #000000; font-size: xx-small;\">Fun and games in English<\/span><\/td><td><span style=\"color: #000000;\">11:30-12:00 gry i zabawy<\/span><\/td><td><span style=\"color: #000000; font-size: xx-small;\">Fun and games in English<\/span><\/td><td><span style=\"color: #000000;\">11:30-12:00 gry i zabawy<\/span><\/td><td><span style=\"color: #000000; font-size: xx-small;\">Fun and games in English<\/span><\/td><td><span style=\"color: #000000;\">11:30-12:00 gry i zabawy<\/span><\/td><td><span style=\"color: #000000; font-size: xx-small;\">Fun and games in English<\/span><\/td><td><span style=\"color: #000000;\">&nbsp;<\/span><\/td><\/tr><tr><td><span style=\"color: #000000;\">12<\/span><\/td><td><span style=\"color: #000000;\">&nbsp;<\/span><\/td><td><span style=\"color: #000000;\">&nbsp;<\/span><\/td><td><span style=\"color: #000000;\">&nbsp;<\/span><\/td><td><span style=\"color: #000000;\">&nbsp;<\/span><\/td><td><span style=\"color: #000000;\">13:00-13:30 ko\u0142o origami<\/span><\/td><td><span style=\"color: #000000;\">handmade origami<\/span><\/td><td colspan=\"2\">&nbsp;<\/td><td><span style=\"color: #000000;\">&nbsp;<\/span><\/td><td><span style=\"color: #000000;\">&nbsp;<\/span><\/td><td><span style=\"color: #000000;\">&nbsp;<\/span><\/td><\/tr><tr><td><span style=\"color: #000000;\">13<\/span><\/td><td><span style=\"color: #000000;\">12:45-13:30 ceramika<\/span><\/td><td><span style=\"color: #000000;\">Ceramics<\/span><\/td><td><span style=\"color: #000000;\">13:30-13:45 TUS gr. 1 i 2<\/span><\/td><td><span style=\"color: #000000;\">Savoir vivre<\/span><\/td><td><span style=\"color: #000000;\">13:00-13:45 TUS gr. 1 i 3<\/span><\/td><td><span style=\"color: #000000;\">Savoir vivre<\/span><\/td><td><span style=\"color: #000000;\">13:00-13:30 postawy i warto\u015bci<\/span><\/td><td><span style=\"color: #000000;\">attitudes and values <\/span><\/td><td><span style=\"color: #000000;\">13:00-13:45 GK<\/span><\/td><td><span style=\"color: #000000;\">corrective gymnastics<\/span><\/td><td><span style=\"color: #000000;\">&nbsp;<\/span><\/td><\/tr><tr><td><span style=\"color: #000000;\">14<\/span><\/td><td><span style=\"color: #000000;\">13:30-14:00 ko\u0142o gier planszowych<\/span><\/td><td><span style=\"color: #000000;\">board games<\/span><\/td><td><span style=\"color: #000000;\">13:30-14:00 przygotowanie do szko\u0142y<\/span><\/td><td><span style=\"color: #000000;\">school education<\/span><\/td><td><span style=\"color: #000000;\">13:45-14:15 taniec<\/span><\/td><td><span style=\"color: #000000;\">DANCE<\/span><\/td><td><span style=\"color: #000000;\">13:30-14:00 Zaj. K.-K.<\/span><\/td><td><span style=\"color: #000000; font-size: xx-small;\">corrective and compensatory classes<\/span><\/td><td><span style=\"color: #000000;\">13:45-14:15 bum bum rurki<\/span><\/td><td><span style=\"color: #000000;\">BOOM- WHACKERS<\/span><\/td><td><span style=\"color: #000000;\">&nbsp;<\/span><\/td><\/tr><tr><td><span style=\"color: #000000;\">15<\/span><\/td><td><span style=\"color: #000000;\">15:00-15:30 Tom and Keri<\/span><\/td><td><span style=\"color: #000000;\">Tom and Keri activites<\/span><\/td><td><span style=\"color: #000000;\">15:00-15:30 Tom and Keri<\/span><\/td><td><span style=\"color: #000000;\">Tom and Keri activites<\/span><\/td><td><span style=\"color: #000000;\">15:00-15:30 Tom and Keri<\/span><\/td><td><span style=\"color: #000000;\">Tom and Keri activites<\/span><\/td><td><span style=\"color: #000000;\">15:00-15:30 Tom and Keri<\/span><\/td><td><span style=\"color: #000000;\">Tom and Keri activites<\/span><\/td><td><span style=\"color: #000000;\">15:00-15:30 Tom and Keri<\/span><\/td><td><span style=\"color: #000000;\">Tom and Keri activites<\/span><\/td><td>&nbsp;<\/td><\/tr><\/tbody><\/table><\/figure>\n\n\n\n<p>&nbsp;<\/p>\n\n\n\n<p class=\"has-text-align-center\"><span style=\"color: #000000; font-size: large;\">Tygodniowy plan zaj\u0119\u0107 w Niepublicznym Przedszkolu Rodzinnym\/Weekly routine in Family Preschool<\/span><\/p>\n\n\n\n<p class=\"has-text-align-center\"><span style=\"color: #ff0000;\"><strong>Oddzia\u0142 Little School \/ Group Little School<\/strong><\/span><\/p>\n\n\n\n<p class=\"has-text-align-center\"><\/p>\n\n\n\n<figure class=\"wp-block-table\"><table class=\"has-fixed-layout\"><tbody><tr><td colspan=\"13\">\n<p style=\"text-align: center;\"><span style=\"color: #000000; font-size: large;\">Tygodniowy plan zaj\u0119\u0107 w Niepublicznym Przedszkolu Rodzinnym\/Weekly routine in Family Preschool<\/span><\/p>\n<p style=\"text-align: center;\"><span style=\"color: #ff0000;\"><strong>Oddzia\u0142 TOM and KERI \/ Group TOM and KERI<\/strong><\/span><\/p>\n<\/td><\/tr><tr><td><span style=\"color: #000000;\">godz.<\/span><\/td><td colspan=\"2\"><span style=\"color: #000000; font-size: medium;\">poniedzia\u0142ek <\/span><\/td><td colspan=\"2\"><span style=\"color: #000000; font-size: medium;\">wtorek<\/span><\/td><td colspan=\"2\"><span style=\"color: #000000; font-size: medium;\">\u015broda<\/span><\/td><td colspan=\"2\"><span style=\"color: #000000; font-size: medium;\">czwartek<\/span><\/td><td colspan=\"2\"><span style=\"color: #000000; font-size: medium;\">pi\u0105tek<\/span><\/td><td><span style=\"color: #000000;\">&nbsp;<\/span><\/td><\/tr><tr><td><span style=\"color: #000000;\">&nbsp;<\/span><\/td><td colspan=\"2\"><b><span style=\"color: #000000;\">Logic-Culture Monday<\/span><\/b><\/td><td colspan=\"2\"><b><span style=\"color: #000000;\">Art and Speech Tuesday<\/span><\/b><\/td><td colspan=\"2\"><b><span style=\"color: #000000;\">Dancing Wednesday<\/span><\/b><\/td><td colspan=\"2\"><b><span style=\"color: #000000;\">Maths and Science Thursday<\/span><\/b><\/td><td colspan=\"2\"><b><span style=\"color: #000000;\">Active Friday<\/span><\/b><\/td><td><span style=\"color: #000000;\">&nbsp;<\/span><\/td><\/tr><tr><td><span style=\"color: #000000;\">8<\/span><\/td><td colspan=\"2\"><span style=\"color: #000000;\">Tom and Keri + zaj\u0119cia\/activites<\/span><\/td><td colspan=\"2\"><span style=\"color: #000000;\">Tom and Keri+ zaj\u0119cia\/activites<\/span><\/td><td colspan=\"2\"><span style=\"color: #000000;\">Tom and Keri + zaj\u0119cia\/activites<\/span><\/td><td colspan=\"2\"><span style=\"color: #000000;\">Tom and Keri + zaj\u0119cia\/activites<\/span><\/td><td colspan=\"2\"><span style=\"color: #000000;\">Tom and Keri + zaj\u0119cia\/activities<\/span><\/td><td><span style=\"color: #000000;\">&nbsp;<\/span><\/td><\/tr><tr><td><span style=\"color: #000000;\">9<\/span><\/td><td><span style=\"color: #000000;\">9:00-9:30 zaj\u0119cia programowe<\/span><\/td><td><span style=\"color: #000000;\">Circle Time Activities<\/span><\/td><td><span style=\"color: #000000;\">9:00-9:30 zaj\u0119cia programowe<\/span><\/td><td><span style=\"color: #000000;\">Circle Time Activities<\/span><\/td><td><span style=\"color: #000000;\">9:00-9:30 zaj\u0119cia programowe<\/span><\/td><td><span style=\"color: #000000;\">Circle Time Activities<\/span><\/td><td><span style=\"color: #000000;\">9:00-9:30 zaj\u0119cia programowe<\/span><\/td><td><span style=\"color: #000000;\">Circle Time Activities<\/span><\/td><td><span style=\"color: #000000;\">9:00-9:30 zaj\u0119cia programowe<\/span><\/td><td><span style=\"color: #000000;\">Circle Time Activities<\/span><\/td><td><span style=\"color: #000000;\">&nbsp;<\/span><\/td><\/tr><tr><td><span style=\"color: #000000;\">10<\/span><\/td><td><span style=\"color: #000000;\">9:30-10:00<\/span><\/td><td><span style=\"color: #000000;\">Basics of programming<\/span><\/td><td><span style=\"color: #000000;\">&nbsp;<\/span><\/td><td><span style=\"color: #000000;\">&nbsp;<\/span><\/td><td><span style=\"color: #000000;\">&nbsp;<\/span><\/td><td><span style=\"color: #000000;\">&nbsp;<\/span><\/td><td><span style=\"color: #000000;\">&nbsp;<\/span><\/td><td><span style=\"color: #000000;\">&nbsp;<\/span><\/td><td><span style=\"color: #000000;\">8:00-11:00 zaj\u0119cia logo<\/span><\/td><td><span style=\"color: #000000;\">Speech Therapy<\/span><\/td><td><span style=\"color: #000000;\">&nbsp;<\/span><\/td><\/tr><tr><td><span style=\"color: #000000;\">11<\/span><\/td><td><span style=\"color: #000000;\">11:30-12:00 gry i zabawy<\/span><\/td><td><span style=\"color: #000000; font-size: xx-small;\">Fun and games in English<\/span><\/td><td><span style=\"color: #000000;\">11:30-12:00 gry i zabawy<\/span><\/td><td><span style=\"color: #000000; font-size: xx-small;\">Fun and games in English<\/span><\/td><td><span style=\"color: #000000;\">11:30-12:00 gry i zabawy<\/span><\/td><td><span style=\"color: #000000; font-size: xx-small;\">Fun and games in English<\/span><\/td><td><span style=\"color: #000000;\">11:30-12:00 gry i zabawy<\/span><\/td><td><span style=\"color: #000000; font-size: xx-small;\">Fun and games in English<\/span><\/td><td><span style=\"color: #000000;\">11:30-12:00 gry i zabawy<\/span><\/td><td><span style=\"color: #000000; font-size: xx-small;\">Fun and games in English<\/span><\/td><td><span style=\"color: #000000;\">&nbsp;<\/span><\/td><\/tr><tr><td><span style=\"color: #000000;\">12<\/span><\/td><td><span style=\"color: #000000;\">&nbsp;<\/span><\/td><td><span style=\"color: #000000;\">&nbsp;<\/span><\/td><td><span style=\"color: #000000;\">&nbsp;<\/span><\/td><td><span style=\"color: #000000;\">&nbsp;<\/span><\/td><td><span style=\"color: #000000;\">13:00-13:30 ko\u0142o origami<\/span><\/td><td><span style=\"color: #000000;\">handmade origami<\/span><\/td><td colspan=\"2\">&nbsp;<\/td><td><span style=\"color: #000000;\">&nbsp;<\/span><\/td><td><span style=\"color: #000000;\">&nbsp;<\/span><\/td><td><span style=\"color: #000000;\">&nbsp;<\/span><\/td><\/tr><tr><td><span style=\"color: #000000;\">13<\/span><\/td><td><span style=\"color: #000000;\">12:45-13:30 ceramika<\/span><\/td><td><span style=\"color: #000000;\">Ceramics<\/span><\/td><td><span style=\"color: #000000;\">13:30-13:45 TUS gr. 1 i 2<\/span><\/td><td><span style=\"color: #000000;\">Savoir vivre<\/span><\/td><td><span style=\"color: #000000;\">13:00-13:45 TUS gr. 1 i 3<\/span><\/td><td><span style=\"color: #000000;\">Savoir vivre<\/span><\/td><td><span style=\"color: #000000;\">13:00-13:30 postawy i warto\u015bci<\/span><\/td><td><span style=\"color: #000000;\">attitudes and values <\/span><\/td><td><span style=\"color: #000000;\">13:00-13:45 GK<\/span><\/td><td><span style=\"color: #000000;\">corrective gymnastics<\/span><\/td><td><span style=\"color: #000000;\">&nbsp;<\/span><\/td><\/tr><tr><td><span style=\"color: #000000;\">14<\/span><\/td><td><span style=\"color: #000000;\">13:30-14:00 ko\u0142o gier planszowych<\/span><\/td><td><span style=\"color: #000000;\">board games<\/span><\/td><td><span style=\"color: #000000;\">13:30-14:00 przygotowanie do szko\u0142y<\/span><\/td><td><span style=\"color: #000000;\">school education<\/span><\/td><td><span style=\"color: #000000;\">13:45-14:15 taniec<\/span><\/td><td><span style=\"color: #000000;\">DANCE<\/span><\/td><td><span style=\"color: #000000;\">13:30-14:00 Zaj. K.-K.<\/span><\/td><td><span style=\"color: #000000; font-size: xx-small;\">corrective and compensatory classes<\/span><\/td><td><span style=\"color: #000000;\">13:45-14:15 bum bum rurki<\/span><\/td><td><span style=\"color: #000000;\">BOOM- WHACKERS<\/span><\/td><td><span style=\"color: #000000;\">&nbsp;<\/span><\/td><\/tr><tr><td><span style=\"color: #000000;\">15<\/span><\/td><td><span style=\"color: #000000;\">15:00-15:30 Tom and Keri<\/span><\/td><td><span style=\"color: #000000;\">Tom and Keri activites<\/span><\/td><td><span style=\"color: #000000;\">15:00-15:30 Tom and Keri<\/span><\/td><td><span style=\"color: #000000;\">Tom and Keri activites<\/span><\/td><td><span style=\"color: #000000;\">15:00-15:30 Tom and Keri<\/span><\/td><td><span style=\"color: #000000;\">Tom and Keri activites<\/span><\/td><td><span style=\"color: #000000;\">15:00-15:30 Tom and Keri<\/span><\/td><td><span style=\"color: #000000;\">Tom and Keri activites<\/span><\/td><td><span style=\"color: #000000;\">15:00-15:30 Tom and Keri<\/span><\/td><td><span style=\"color: #000000;\">Tom and Keri activites<\/span><\/td><td>&nbsp;<\/td><\/tr><\/tbody><\/table><\/figure>\n\n\n\n<p class=\"has-text-align-center\"><\/p>\n\n\n\n<p>&nbsp;<\/p>\n\n\n\n<p class=\"has-text-align-left\"><em>Zaaktualizowano 01.09.2025 r.<\/em><\/p>\n","protected":false},"excerpt":{"rendered":"<p>&nbsp; Tygodniowy plan zaj\u0119\u0107 w Niepublicznym Przedszkolu Rodzinnym\/Weekly routine in Family Preschool Oddzia\u0142 BABY BEETLES&nbsp;\/ Group BABY BEETLES godz. poniedzia\u0142ek wtorek \u015broda czwartek pi\u0105tek &nbsp; &nbsp; Logic-Culture Monday Art and Speech Tuesday Dancing Wednesday Maths and Science Thursday Active Friday &hellip; <a href=\"http:\/\/przedszkolerodzinne.pl\/?page_id=1012\">Czytaj dalej <span class=\"meta-nav\">&rarr;<\/span><\/a><\/p>\n","protected":false},"author":1,"featured_media":0,"parent":0,"menu_order":5,"comment_status":"closed","ping_status":"closed","template":"","meta":{"footnotes":""},"class_list":["post-1012","page","type-page","status-publish","hentry"],"_links":{"self":[{"href":"http:\/\/przedszkolerodzinne.pl\/index.php?rest_route=\/wp\/v2\/pages\/1012","targetHints":{"allow":["GET"]}}],"collection":[{"href":"http:\/\/przedszkolerodzinne.pl\/index.php?rest_route=\/wp\/v2\/pages"}],"about":[{"href":"http:\/\/przedszkolerodzinne.pl\/index.php?rest_route=\/wp\/v2\/types\/page"}],"author":[{"embeddable":true,"href":"http:\/\/przedszkolerodzinne.pl\/index.php?rest_route=\/wp\/v2\/users\/1"}],"replies":[{"embeddable":true,"href":"http:\/\/przedszkolerodzinne.pl\/index.php?rest_route=%2Fwp%2Fv2%2Fcomments&post=1012"}],"version-history":[{"count":58,"href":"http:\/\/przedszkolerodzinne.pl\/index.php?rest_route=\/wp\/v2\/pages\/1012\/revisions"}],"predecessor-version":[{"id":41665,"href":"http:\/\/przedszkolerodzinne.pl\/index.php?rest_route=\/wp\/v2\/pages\/1012\/revisions\/41665"}],"wp:attachment":[{"href":"http:\/\/przedszkolerodzinne.pl\/index.php?rest_route=%2Fwp%2Fv2%2Fmedia&parent=1012"}],"curies":[{"name":"wp","href":"https:\/\/api.w.org\/{rel}","templated":true}]}}